{"id":83,"date":"2018-03-17T08:39:15","date_gmt":"2018-03-17T07:39:15","guid":{"rendered":"http:\/\/enghien-decouverte.be\/?page_id=83"},"modified":"2023-05-01T21:43:09","modified_gmt":"2023-05-01T19:43:09","slug":"accueil","status":"publish","type":"page","link":"https:\/\/enghien-decouverte.be\/","title":{"rendered":"Accueil"},"content":{"rendered":"<figure id=\"attachment_335\" aria-describedby=\"caption-attachment-335\" style=\"width: 225px\" class=\"wp-caption alignright\"><img decoding=\"async\" class=\"wp-image-335 size-medium\" src=\"https:\/\/enghien-decouverte.be\/wp-content\/uploads\/2023\/05\/P1010416-225x300.jpg\" alt=\"Parc\" width=\"225\" height=\"300\" srcset=\"https:\/\/enghien-decouverte.be\/wp-content\/uploads\/2023\/05\/P1010416-225x300.jpg 225w, https:\/\/enghien-decouverte.be\/wp-content\/uploads\/2023\/05\/P1010416-768x1024.jpg 768w, https:\/\/enghien-decouverte.be\/wp-content\/uploads\/2023\/05\/P1010416-1152x1536.jpg 1152w, https:\/\/enghien-decouverte.be\/wp-content\/uploads\/2023\/05\/P1010416-1536x2048.jpg 1536w, https:\/\/enghien-decouverte.be\/wp-content\/uploads\/2023\/05\/P1010416-scaled.jpg 1920w\" sizes=\"(max-width: 225px) 100vw, 225px\" \/><figcaption id=\"caption-attachment-335\" class=\"wp-caption-text\">Parc vue du ciel<\/figcaption><\/figure>\n<p class=\"font_8\"><span class=\"color_20\">Enghien&#8230;&#8230; <\/span><\/p>\n<p class=\"font_8\"><span class=\"color_20\">Th\u00e9\u00e2tre de verdure Nich\u00e9e dans un \u00e9crin de verdure, Enghien<\/span><span class=\"color_20\">, cit\u00e9 m\u00e9di\u00e9vale aux mille t\u00e9moins, est une \u00e9tape pleine de charme.<\/span><\/p>\n<p class=\"font_8\"><span class=\"color_20\">Ville d&rsquo;art et d&rsquo;histoire,<\/span><\/p>\n<p class=\"font_8\"><span class=\"color_20\">Enghien doit sa c\u00e9l\u00e9brit\u00e9 \u00e0 son Parc d&rsquo;une splendeur exceptionnelle. La cit\u00e9 hennuy\u00e8re offre des moments d&rsquo;une rare qualit\u00e9&#8230; et r\u00e9v\u00e8le au promeneur romantique les secrets et anecdotes de ces lieux magiques. Fond\u00e9e par Englebert d&rsquo;Enghien, au XI\u00e8me si\u00e8cle, la cit\u00e9 est riche d&rsquo;un pass\u00e9 prestigieux.<\/span><\/p>\n<p class=\"font_8\"><span class=\"color_20\">Place militaire des seigneurs d&rsquo;Enghien au d\u00e9but du XIII\u00e8me si\u00e8cle, r\u00e9sidence d&rsquo;agr\u00e9ment des Luxembourg puis des Bourbons, propri\u00e9t\u00e9 n\u00e9glig\u00e9e d&rsquo;Henri IV,<\/span><\/p>\n<p class=\"font_8\"><span class=\"color_20\">Enghien devient c\u00e9l\u00e8bre en 1607 avec la famille d&rsquo;Arenberg qui y cr\u00e9e un parc d&rsquo;une splendeur ex<\/span><span class=\"color_20\">ceptionnelle<\/span><\/p>\n<p style=\"color: #333333; font-style: normal;\"><!--more--><\/p>\n<p class=\"font_8\"><span class=\"color_20\">En famille ou en groupe, vous pourrez d\u00e9couvrir toutes les richesses patrimoniales et naturelles du domaine d\u2019Arenberg. Accompagn\u00e9s d\u2019un guide, munis d\u2019audio-guides ou encore de fa\u00e7on tout \u00e0 fait autonome, vous vous prom\u00e8nerez dans le Parc d\u2019Enghien, jalonn\u00e9 de t\u00e9moins de l\u2019histoire tels que le Pavillon Chinois, le Pavillon aux Toiles, le Pavillon des 7 Etoiles, le Pavillon des Princesses, le Pavillon des Ducs, la Chapelle Castrale, les splendides jardins restaur\u00e9s et agr\u00e9ment\u00e9s de plusieurs plans d\u2019eau. Un panel de toutes les possibilit\u00e9s de d\u00e9couvertes, peut vous \u00eatre fourni sur simple demande. Vous pouvez aussi, le temps d\u2019une halte, d\u00e9guster nos produits r\u00e9gionaux. La soir\u00e9e venue, vous regagnerez vos foyers, charg\u00e9s d\u2019images, d\u2019\u00e9motions, de souvenirs qui vous donneront envie de revenir&#8230;<\/span><\/p>\n","protected":false},"excerpt":{"rendered":"<p>Enghien&#8230;&#8230; Th\u00e9\u00e2tre de verdure Nich\u00e9e dans un \u00e9crin de verdure, Enghien, cit\u00e9 m\u00e9di\u00e9vale aux mille t\u00e9moins, est une \u00e9tape pleine de charme. Ville d&rsquo;art et d&rsquo;histoire, Enghien doit sa c\u00e9l\u00e9brit\u00e9 \u00e0 son Parc d&rsquo;une splendeur exceptionnelle. La cit\u00e9 hennuy\u00e8re offre des moments d&rsquo;une rare qualit\u00e9&#8230; et r\u00e9v\u00e8le au promeneur romantique les secrets et anecdotes de &hellip; <\/p>\n<p class=\"link-more\"><a href=\"https:\/\/enghien-decouverte.be\/\" class=\"more-link\">Continuer la lecture<span class=\"screen-reader-text\"> de &laquo;&nbsp;Accueil&nbsp;&raquo;<\/span><\/a><\/p>\n","protected":false},"author":1,"featured_media":0,"parent":0,"menu_order":0,"comment_status":"closed","ping_status":"closed","template":"","meta":{"footnotes":""},"class_list":["post-83","page","type-page","status-publish","hentry"],"_links":{"self":[{"href":"https:\/\/enghien-decouverte.be\/index.php\/wp-json\/wp\/v2\/pages\/83","targetHints":{"allow":["GET"]}}],"collection":[{"href":"https:\/\/enghien-decouverte.be\/index.php\/wp-json\/wp\/v2\/pages"}],"about":[{"href":"https:\/\/enghien-decouverte.be\/index.php\/wp-json\/wp\/v2\/types\/page"}],"author":[{"embeddable":true,"href":"https:\/\/enghien-decouverte.be\/index.php\/wp-json\/wp\/v2\/users\/1"}],"replies":[{"embeddable":true,"href":"https:\/\/enghien-decouverte.be\/index.php\/wp-json\/wp\/v2\/comments?post=83"}],"version-history":[{"count":13,"href":"https:\/\/enghien-decouverte.be\/index.php\/wp-json\/wp\/v2\/pages\/83\/revisions"}],"predecessor-version":[{"id":348,"href":"https:\/\/enghien-decouverte.be\/index.php\/wp-json\/wp\/v2\/pages\/83\/revisions\/348"}],"wp:attachment":[{"href":"https:\/\/enghien-decouverte.be\/index.php\/wp-json\/wp\/v2\/media?parent=83"}],"curies":[{"name":"wp","href":"https:\/\/api.w.org\/{rel}","templated":true}]}}